{"id":3053,"date":"2015-04-17T10:31:47","date_gmt":"2015-04-17T08:31:47","guid":{"rendered":"https:\/\/indoplast.com\/home-indoplast-2\/"},"modified":"2015-06-01T11:59:52","modified_gmt":"2015-06-01T09:59:52","slug":"home-indoplast","status":"publish","type":"page","link":"https:\/\/indoplast.com\/fr\/","title":{"rendered":"Home"},"content":{"rendered":"<p><div class=\"omsc-full-width-section\" style=\"background-color:#ffffff;color:#666666\"><div class=\"omsc-full-width-section-inner\"><div class=\"omsc-full-width-section-content\"><div class=\"container\"><div class=\"container-inner\"><div class=\"omsc-animation omsc-animation-almost-visible omsc-effect-fade-ttb\" data-animation-delay=\"100\"><div class=\"omsc-clear\" style=\"height:20px\"><\/div><\/p>\n<h2 style=\"text-align: center; margin: 0;\">Bienvenue \u00e0 Indoplast<\/h2>\n<p><\/div><br \/>\n<div class=\"omsc-clear\" style=\"height:10px\"><\/div><div class=\"omsc-animation omsc-animation-almost-visible omsc-effect-flip-x\" data-animation-delay=\"100\"><div class=\"omsc-one-third\"><img class=\"lazyload alignnone size-full wp-image-325\" data-original=\"https:\/\/indoplast.com\/wp-content\/uploads\/2013\/10\/indoplast-empresa.jpg\" alt=\"indoplast empresa\" width=\"405\" height=\"316\" \/><div class=\"clear\"><\/div><\/div><\/div><div class=\"omsc-animation omsc-animation-almost-visible omsc-effect-flip-x\" data-animation-delay=\"200\"><div class=\"omsc-one-third\"><img class=\"lazyload alignnone size-full wp-image-326\" data-original=\"https:\/\/indoplast.com\/wp-content\/uploads\/2013\/10\/indoplast-la-empresa.jpg\" alt=\"graph2\" width=\"405\" height=\"316\" \/><div class=\"clear\"><\/div><\/div><\/div><div class=\"omsc-animation omsc-animation-almost-visible omsc-effect-flip-x\" data-animation-delay=\"300\"><div class=\"omsc-one-third omsc-last\"><strong>L&rsquo;entrepise<\/strong><br \/>\nIndoplast est une entreprise sp\u00e9cialis\u00e9e dans la fabrication de profil\u00e9s plastiques par extrusion, avec la technologie et les ressources humaines les plus appropri\u00e9es pour le d\u00e9veloppement de toute sorte de profils techniques pour le secteur automobile et industriel.<br \/>\n<div class=\"omsc-clear\" style=\"height:10px\"><\/div><br \/>\n<a class=\"omsc-button omsc-custom-hover omsc-size-medium omsc-with-icon omsc-style-flat omsc-text-bright\" href=\"https:\/\/indoplast.com\/fr\/a-propos-indoplast\/\" style=\"background-color:#909dab;border-color:#909dab;color:#ffffff\" data-hover-bg-color=\"#73aff4\" data-hover-text-color=\"#ffffff\" data-hover-border-color=\"#73aff4\"><i class=\"fa fa-angle-right\" style=\"color:#ffffff\"><\/i>Indoplast,l&rsquo;entreprise<\/a><div class=\"clear\"><\/div><\/div><div class=\"omsc-clear\"><\/div><\/div><br \/>\n<div class=\"omsc-clear\" style=\"height:10px\"><\/div><div class=\"omsc-divider omsc-border-small omsc-style-dashed\" style=\"width:100%\"><\/div><br \/>\n<div class=\"omsc-animation omsc-animation-almost-visible omsc-effect-flip-x\"><\/p>\n<h2 style=\"text-align: center; margin: 0;\">On travaille pour des entreprises du monde entier<\/h2>\n<p><div class=\"omsc-clear\" style=\"height:10px\"><\/div><br \/>\n<img class=\"lazyload alignnone size-full wp-image-347\" data-original=\"https:\/\/indoplast.com\/wp-content\/uploads\/2015\/04\/mapa-FRA.png\" alt=\"map-retina-22\" width=\"1579\" height=\"815\" \/><br \/>\n<\/div><br \/>\n<\/div><\/div><\/div><\/div><\/div><br \/>\n<div class=\"omsc-animation omsc-animation-almost-visible omsc-effect-flip-x\" data-animation-delay=\"200\"><div class=\"omsc-full-width-section\" style=\"background-color:#5287a1\"><div class=\"omsc-full-width-section-inner\"><div class=\"omsc-full-width-section-content\"><div class=\"container\"><div class=\"container-inner\"><\/p>\n<div style=\"text-align: center;\">\n<h3><span style=\"color: #ffffff;\">Vous avez des questions? Contactez-nous, nous en serons ravis.<\/span><\/h3>\n<a class=\"omsc-button omsc-custom-hover omsc-size-small omsc-with-icon omsc-style-border omsc-text-bright\" href=\"https:\/\/indoplast.com\/fr\/contact\/\" style=\"border-color:#ffffff;color:#ffffff\" data-hover-bg-color=\"#ffffff\" data-hover-text-color=\"#0a0a0a\" data-hover-border-color=\"#ffffff\"><i class=\"fa fa-envelope-o\"><\/i>Contactez-nous<\/a>\n<\/div>\n<p><div class=\"omsc-clear\" style=\"height:10px\"><\/div><\/div><\/div><\/div><\/div><\/div><\/div><br \/>\n<div class=\"omsc-full-width-section\"><div class=\"omsc-full-width-section-inner\"><div class=\"omsc-full-width-section-content\"><div class=\"container\"><div class=\"container-inner\"><br \/>\n<div class=\"omsc-clear\" style=\"height:10px\"><\/div><\/p>\n<h2 style=\"text-align: center; margin: 0;\">Nos secteurs principaux:<\/h2>\n<h4 style=\"text-align: left;\"><a href=\"https:\/\/indoplast.com\/fr\/automobile\/\">Automobile<\/a><\/h4>\n<p><div class=\"omsc-one-third\">\n<div class=\"omsc-animation omsc-animation-almost-visible omsc-effect-fade-ttb\" data-animation-delay=\"200\"><a title=\"Indoplast Automobile\" href=\"https:\/\/indoplast.com\/fr\/automobile\/\"><img class=\"lazyload alignleft\" data-original=\"https:\/\/indoplast.com\/wp-content\/uploads\/2015\/04\/indoplast-automoci\u00f3n.jpg\" alt=\"Indoplast automoci\u00f3n\" \/><\/a><\/div><div class=\"clear\"><\/div><\/div><div class=\"omsc-two-third omsc-last\"><div class=\"omsc-animation omsc-animation-almost-visible omsc-effect-fade-ttb\" data-animation-delay=\"200\">Indoplast d\u00e9veloppe et fabrique toutes sortes de profil\u00e9s dans le secteur automobile sur la base de mati\u00e8res thermoplastiques PP, TPE, TPV, et PVC. Les profil\u00e9s peuvent \u00eatre con\u00e7us par extrusion, coextrusion ou triextrusion, et ils sont poin\u00e7onn\u00e9s ou avec extra-bending.<br \/>\nTous les profil\u00e9s Indoplast peuvent \u00eatre finis avec de l\u2019aluminium, des auto-adh\u00e9sifs, des fils de fibre de verre, des appr\u00eats ou non-tiss\u00e9s.<br \/>\nLes profil\u00e9s d\u00e9velopp\u00e9s par Indoplast s\u2019appliquent \u00e0 des tableaux de bord, des vitres, des pi\u00e8ces en plastique, des si\u00e8ges et des portes ou fen\u00eatres.<br \/>\nActuellement Indoplast est le fournisseur des Tier I du secteur de l&rsquo;automobile, et on est pr\u00e9sent dans le march\u00e9 AGR (profil\u00e9s pour le march\u00e9 des pi\u00e8ces de rechange consacr\u00e9 aux vitrages).<br \/>\nLa R +D+ I fait partie de la strat\u00e9gie d\u2019avenir d\u2019Indoplast qui vise \u00e0 fournir un plus grand service aux clients.<br \/>\n<\/div><div class=\"clear\"><\/div><\/div><div class=\"omsc-clear\"><\/div><\/p>\n<h4><a href=\"https:\/\/indoplast.com\/fr\/construction\/\">Construction<\/a><\/h4>\n<p><div class=\"omsc-one-third\">\n<div class=\"omsc-animation omsc-animation-almost-visible omsc-effect-fade-ttb\" data-animation-delay=\"200\"><a href=\"https:\/\/indoplast.com\/fr\/construction\/\"><img class=\"lazyload alignleft\" data-original=\"https:\/\/indoplast.com\/wp-content\/uploads\/2014\/02\/indoplast-building.jpg\" alt=\"Indoplast construcci\u00f3n\" \/><\/a><\/div><div class=\"clear\"><\/div><\/div><div class=\"omsc-two-third omsc-last\"><div class=\"omsc-animation omsc-animation-almost-visible omsc-effect-fade-ttb\" data-animation-delay=\"200\">Indoplast d\u00e9veloppe et fabrique des profil\u00e9s thermoplastiques \u00e0 base de PVC, TPE et TPV pour des portes ou fen\u00eatres en bois et en aluminium. Les mat\u00e9riaux utilis\u00e9s sont approuv\u00e9s par le CSTB en France et par le S\u00fcddeutsches Kunststoff-Zentrum en Allemagne. Ces profil\u00e9s peuvent \u00eatre extrud\u00e9s, coextrud\u00e9s ou triextrud\u00e9s, et ils apportent une solution technique \u00e0 chaque besoin du secteur.<br \/>\nLes profil\u00e9s d\u2019Indoplast peuvent \u00eatre faits en tant que joints pare-feu ou acoustiques.<br \/>\nLes profil\u00e9s de coextrusion d\u2019Indoplast ont un certain nombre d&rsquo;avantages tels que le manque d\u2019\u00e9tirement ou de r\u00e9tr\u00e9cissement ou l&rsquo;introduction facile du profil dans le canal du battant, et ils sont id\u00e9als pour \u00eatre automatis\u00e9s pour la machine de pose de profils.<br \/>\n<\/div><div class=\"clear\"><\/div><\/div><div class=\"omsc-clear\"><\/div><\/p>\n<h4><a href=\"https:\/\/indoplast.com\/fr\/industrie\/\">Industrie<\/a><\/h4>\n<p><div class=\"omsc-one-third\"><div class=\"omsc-animation omsc-animation-almost-visible omsc-effect-fade-ttb\" data-animation-delay=\"200\"><\/div><a href=\"https:\/\/indoplast.com\/fr\/industrie\/\"><img class=\"lazyload alignleft\" data-original=\"https:\/\/indoplast.com\/wp-content\/uploads\/2014\/02\/indoplast-construccion.jpg\" alt=\"Indoplast construction\" \/><\/a><div class=\"clear\"><\/div><\/div><div class=\"omsc-two-third omsc-last\"><div class=\"omsc-animation omsc-animation-almost-visible omsc-effect-fade-ttb\" data-animation-delay=\"200\">Dans le secteur industriel, Indoplast d\u00e9veloppe des profils selon les sp\u00e9cifications du client, et on propose de nouveaux produits et des am\u00e9liorations aux profil\u00e9s existants.<br \/>\nDans ce secteur, nos produits sont appliqu\u00e9s aux motos, les camions ou les autobus, et aussi aux produits blancs, le nautisme et les \u00e9nergies renouvelables.<br \/>\n<\/div><div class=\"clear\"><\/div><\/div><div class=\"omsc-clear\"><\/div><br \/>\n<\/div><\/div><\/div><\/div><\/div><\/p>\n","protected":false},"excerpt":{"rendered":"","protected":false},"author":1,"featured_media":0,"parent":0,"menu_order":0,"comment_status":"closed","ping_status":"closed","template":"template-100width.php","meta":{"footnotes":""},"class_list":["post-3053","page","type-page","status-publish","hentry"],"aioseo_notices":[],"_links":{"self":[{"href":"https:\/\/indoplast.com\/fr\/wp-json\/wp\/v2\/pages\/3053","targetHints":{"allow":["GET"]}}],"collection":[{"href":"https:\/\/indoplast.com\/fr\/wp-json\/wp\/v2\/pages"}],"about":[{"href":"https:\/\/indoplast.com\/fr\/wp-json\/wp\/v2\/types\/page"}],"author":[{"embeddable":true,"href":"https:\/\/indoplast.com\/fr\/wp-json\/wp\/v2\/users\/1"}],"replies":[{"embeddable":true,"href":"https:\/\/indoplast.com\/fr\/wp-json\/wp\/v2\/comments?post=3053"}],"version-history":[{"count":8,"href":"https:\/\/indoplast.com\/fr\/wp-json\/wp\/v2\/pages\/3053\/revisions"}],"predecessor-version":[{"id":3455,"href":"https:\/\/indoplast.com\/fr\/wp-json\/wp\/v2\/pages\/3053\/revisions\/3455"}],"wp:attachment":[{"href":"https:\/\/indoplast.com\/fr\/wp-json\/wp\/v2\/media?parent=3053"}],"curies":[{"name":"wp","href":"https:\/\/api.w.org\/{rel}","templated":true}]}}