{"id":3069,"date":"2015-04-17T07:07:23","date_gmt":"2015-04-17T05:07:23","guid":{"rendered":"https:\/\/indoplast.com\/indoplast-la-empresa-3\/"},"modified":"2015-06-01T10:14:47","modified_gmt":"2015-06-01T08:14:47","slug":"a-propos-indoplast","status":"publish","type":"page","link":"https:\/\/indoplast.com\/fr\/a-propos-indoplast\/","title":{"rendered":"\u00c0 propos d\u2019Indoplast"},"content":{"rendered":"<p><div class=\"omsc-one-half\"><img class=\"lazyload alignnone size-full wp-image-297\" data-original=\"https:\/\/indoplast.com\/wp-content\/uploads\/2014\/01\/indoplast-sobre-indoplast.jpg\" alt=\"\u00c0 propos d\u2019Indoplast\" width=\"600\" height=\"338\" \/><div class=\"clear\"><\/div><\/div><div class=\"omsc-one-half omsc-last\"> Indoplast est une entreprise sp\u00e9cialis\u00e9e dans la fabrication de profil\u00e9s plastiques par extrusion. On compte avec la technologie et les ressources humaines les plus appropri\u00e9es pour d\u00e9velopper toutes sortes de profils techniques pour le secteur automobile et industriel.<\/p>\n<p>Indoplast est une entreprise familiale fond\u00e9e \u00e0 Rub\u00ed (Barcelone) en 1994. Ses installations ont une superficie totale de 200m2. \u00a0On dispose de 4 lignes de production, avec une capacit\u00e9 annuelle\u00a0de production\u00a0de 15 millions de m\u00e8tres\u00a0men\u00e9e\u00a0\u00e0 terme par 3 \u00e9quipes. Indoplast est fortement engag\u00e9e pour l\u2019innovation continue de R+D+ I et vise \u00e0 une attention personnalis\u00e9e pour le d\u00e9veloppement de nouveaux \u00e9l\u00e9ments.<\/p>\n<p><div class=\"clear\"><\/div><\/div><div class=\"omsc-clear\"><\/div><\/p>\n<div class=\"omsc-clear\" style=\"height:10px\"><\/div>\n","protected":false},"excerpt":{"rendered":"","protected":false},"author":1,"featured_media":0,"parent":0,"menu_order":1,"comment_status":"closed","ping_status":"closed","template":"","meta":{"footnotes":""},"class_list":["post-3069","page","type-page","status-publish","hentry"],"aioseo_notices":[],"_links":{"self":[{"href":"https:\/\/indoplast.com\/fr\/wp-json\/wp\/v2\/pages\/3069","targetHints":{"allow":["GET"]}}],"collection":[{"href":"https:\/\/indoplast.com\/fr\/wp-json\/wp\/v2\/pages"}],"about":[{"href":"https:\/\/indoplast.com\/fr\/wp-json\/wp\/v2\/types\/page"}],"author":[{"embeddable":true,"href":"https:\/\/indoplast.com\/fr\/wp-json\/wp\/v2\/users\/1"}],"replies":[{"embeddable":true,"href":"https:\/\/indoplast.com\/fr\/wp-json\/wp\/v2\/comments?post=3069"}],"version-history":[{"count":2,"href":"https:\/\/indoplast.com\/fr\/wp-json\/wp\/v2\/pages\/3069\/revisions"}],"predecessor-version":[{"id":3276,"href":"https:\/\/indoplast.com\/fr\/wp-json\/wp\/v2\/pages\/3069\/revisions\/3276"}],"wp:attachment":[{"href":"https:\/\/indoplast.com\/fr\/wp-json\/wp\/v2\/media?parent=3069"}],"curies":[{"name":"wp","href":"https:\/\/api.w.org\/{rel}","templated":true}]}}