{"id":3075,"date":"2014-02-03T08:10:40","date_gmt":"2014-02-03T06:10:40","guid":{"rendered":"https:\/\/indoplast.com\/mision-valores-2\/"},"modified":"2015-05-28T12:40:03","modified_gmt":"2015-05-28T10:40:03","slug":"mission-et-valeurs","status":"publish","type":"page","link":"https:\/\/indoplast.com\/fr\/mission-et-valeurs\/","title":{"rendered":"Mission et valeurs"},"content":{"rendered":"<p><div class=\"omsc-one-half\"><img class=\"lazyload\" data-original=\"https:\/\/indoplast.com\/wp-content\/uploads\/2014\/02\/indoplast-mision-valores.jpg\" alt=\"\" \/><div class=\"clear\"><\/div><\/div><div class=\"omsc-one-half omsc-last\"><span style=\"font-size: 20px; font-weight: bold;\">VISION<\/span><br \/>\nNotre force vient de notre engagement.<br \/>\nOn consid\u00e8re que le succ\u00e8s ne se trouve pas dans la taille des choses, mais dans l&rsquo;agilit\u00e9, la vitesse et la cr\u00e9ativit\u00e9, ainsi que dans la compr\u00e9hension du fait que pour \u00eatre les meilleurs on doit assister les besoins de nos employ\u00e9s, de nos  clients et de la communaut\u00e9 dans la m\u00eame mesure.<\/p>\n<h3>MISSION<\/h3>\n<p>On est consid\u00e9r\u00e9s les meilleurs partenaires d\u2019affaires par nos clients, gr\u00e2ce \u00e0 nos produits, nos technologies,  nos services diff\u00e9renci\u00e9s et nos  valeurs.<br \/>\n<div class=\"clear\"><\/div><\/div><div class=\"omsc-clear\"><\/div><br \/>\n<blockquote class=\"omsc-blockquote\"><div class=\"omsc-blockquote-inner\">Pour un succ\u00e8s \u00e0 long terme, il ne suffit pas de d\u00e9velopper de bons produits. Chez INDOPLAST, on comprend que le succ\u00e8s d\u00e9pend de la fa\u00e7on dont on vit notre vision et les valeurs qui la soutiennent  <\/div><\/blockquote><\/p>\n<h2>Vivre les VALEURS<\/h2>\n<p><div class=\"omsc-one-third\"><img class=\"lazyload  size-thumbnail wp-image-444 alignleft\" data-original=\"https:\/\/indoplast.com\/wp-content\/uploads\/2014\/02\/compromiso.png\" alt=\"ENGAGEMENT\" \/><\/p>\n<h5>ENGAGEMENT<\/h5>\n<p>Enthousiasme pour le projet d\u2019entreprise.Savoir vivre nos valeurs.Se sentir impliqu\u00e9 dans la r\u00e9alisation de notre vision.<br \/>\n<div class=\"clear\"><\/div><\/div><div class=\"omsc-one-third\"><img class=\"lazyload size-thumbnail wp-image-432 alignleft\" data-original=\"https:\/\/indoplast.com\/wp-content\/uploads\/2014\/02\/interes.png\" alt=\"INT\u00c9R\u00caT POUR LES PERSONNES\" \/><\/p>\n<h5>INT\u00c9R\u00caT POUR LES PERSONNES<\/h5>\n<p>Les personnes sont au c\u0153ur de notre plan d&rsquo;affaires.<br \/>\nL&rsquo;apprentissage et la formation, le respect, l&rsquo;affection et le traitement amical et \u00abinformel\u00bb font partie de notre essence.<br \/>\n<div class=\"clear\"><\/div><\/div><div class=\"omsc-one-third omsc-last\"><img class=\"lazyload  size-thumbnail wp-image-446 alignleft\" data-original=\"https:\/\/indoplast.com\/wp-content\/uploads\/2014\/02\/trabajar_en_equipo.png\" alt=\"2201-01\" \/><\/p>\n<h5>TRAVAIL D&rsquo;\u00c9QUIPE \/ APPRENTISSAGE<\/h5>\n<p>Partager des connaissances, communiquer ouvertement, apprendre des erreurs, coop\u00e9rer, comprendre qu&rsquo;aucun de nous n\u2019est plus important que nous tous.<br \/>\n<div class=\"clear\"><\/div><\/div><div class=\"omsc-clear\"><\/div><\/p>\n<p><div class=\"omsc-one-third\"><img class=\"lazyload alignleft\" data-original=\"https:\/\/indoplast.com\/wp-content\/uploads\/2014\/02\/trabajo.png\" alt=\"TRAVAIL\" \/><\/p>\n<h5>TRAVAIL<\/h5>\n<p>T\u00e9nacit\u00e9, passion pour le plan d&rsquo;affaires, poursuite de l&rsquo;effort, savoir profiter du travail et le travail bien fait.<br \/>\nToutes les t\u00e2ches ont la m\u00eame importance.<br \/>\n<div class=\"clear\"><\/div><\/div><div class=\"omsc-one-third\"><img class=\"lazyload alignleft\" data-original=\"https:\/\/indoplast.com\/wp-content\/uploads\/2014\/02\/innovacion.png\" alt=\"Innovaci\u00f3n\" \/><\/p>\n<h5>INNOVATION ET CR\u00c9ATIVIT\u00c9<\/h5>\n<p>Tous nos employ\u00e9s ont la capacit\u00e9 d&rsquo;innover et de cr\u00e9er et  ils visent continuellement  \u00e0 rehausser la qualit\u00e9 et \u00e0 l&rsquo;am\u00e9lioration de nos produits.<div class=\"clear\"><\/div><\/div><div class=\"omsc-one-third omsc-last\"><img class=\"lazyload alignleft\" data-original=\"https:\/\/indoplast.com\/wp-content\/uploads\/2014\/02\/agilidad.png\" alt=\"2201-01\" \/><\/p>\n<h5>AGILIT\u00c9<\/h5>\n<p>Prendre des d\u00e9cisions rapides.<br \/>\nDonner une r\u00e9ponse professionnelle aux besoins de nos clients.<br \/>\n<div class=\"clear\"><\/div><\/div><div class=\"omsc-clear\"><\/div><\/p>\n<p><div class=\"omsc-one-third\"><img class=\"lazyload alignleft\" data-original=\"https:\/\/indoplast.com\/wp-content\/uploads\/2014\/02\/asumir_riesgos.png\" alt=\"risques\" \/><\/p>\n<h5>PRENDRE DES RISQUES<\/h5>\n<p>\u00catre capable d&rsquo;anticiper les \u00e9v\u00e8nements et de prendre des d\u00e9cisions appropri\u00e9es.<div class=\"clear\"><\/div><\/div><div class=\"omsc-one-third\"><img class=\"lazyload alignleft\" data-original=\"https:\/\/indoplast.com\/wp-content\/uploads\/2014\/02\/enfoque.png\" alt=\"Innovaci\u00f3n\" \/><\/p>\n<h5>FOCUS CLIENT<\/h5>\n<p>Assurer les succ\u00e8s de nos clients,  c\u2019est la cl\u00e9 de notre propre r\u00e9ussite.<div class=\"clear\"><\/div><\/div><div class=\"omsc-one-third omsc-last\"><img class=\"lazyload alignleft\" data-original=\"https:\/\/indoplast.com\/wp-content\/uploads\/2014\/02\/liderazgo.png\" alt=\"2201-01\" \/><\/p>\n<h5>LEADERSHIP<\/h5>\n<p>La direction de l\u2019entreprise est fond\u00e9e sur l\u2019exemple et le respect absolu des gens.Vivre nos  valeurs est l&rsquo;essence m\u00eame de notre soci\u00e9t\u00e9.<br \/>\n<div class=\"clear\"><\/div><\/div><div class=\"omsc-clear\"><\/div><\/p>\n","protected":false},"excerpt":{"rendered":"<p>Vivre les VALEURS<\/p>\n","protected":false},"author":1,"featured_media":0,"parent":0,"menu_order":2,"comment_status":"closed","ping_status":"closed","template":"","meta":{"footnotes":""},"class_list":["post-3075","page","type-page","status-publish","hentry"],"aioseo_notices":[],"_links":{"self":[{"href":"https:\/\/indoplast.com\/fr\/wp-json\/wp\/v2\/pages\/3075","targetHints":{"allow":["GET"]}}],"collection":[{"href":"https:\/\/indoplast.com\/fr\/wp-json\/wp\/v2\/pages"}],"about":[{"href":"https:\/\/indoplast.com\/fr\/wp-json\/wp\/v2\/types\/page"}],"author":[{"embeddable":true,"href":"https:\/\/indoplast.com\/fr\/wp-json\/wp\/v2\/users\/1"}],"replies":[{"embeddable":true,"href":"https:\/\/indoplast.com\/fr\/wp-json\/wp\/v2\/comments?post=3075"}],"version-history":[{"count":4,"href":"https:\/\/indoplast.com\/fr\/wp-json\/wp\/v2\/pages\/3075\/revisions"}],"predecessor-version":[{"id":3082,"href":"https:\/\/indoplast.com\/fr\/wp-json\/wp\/v2\/pages\/3075\/revisions\/3082"}],"wp:attachment":[{"href":"https:\/\/indoplast.com\/fr\/wp-json\/wp\/v2\/media?parent=3075"}],"curies":[{"name":"wp","href":"https:\/\/api.w.org\/{rel}","templated":true}]}}