{"id":3084,"date":"2014-01-17T13:56:20","date_gmt":"2014-01-17T11:56:20","guid":{"rendered":"https:\/\/indoplast.com\/tecnologias-2\/"},"modified":"2015-06-01T11:38:45","modified_gmt":"2015-06-01T09:38:45","slug":"technologies","status":"publish","type":"page","link":"https:\/\/indoplast.com\/fr\/technologies\/","title":{"rendered":"Technologies"},"content":{"rendered":"<h2 style=\"text-align: center;\">Indoplast dispose des technologies suivantes au sein de l&rsquo;entreprise:<\/h2>\n<p><div class=\"omsc-clear\" style=\"height:10px\"><\/div><br \/>\n<div class=\"omsc-one-fourth\"><img class=\"lazyload\" data-original=\"https:\/\/indoplast.com\/wp-content\/uploads\/2014\/01\/indoplast-tecnologias-4.jpg\" alt=\"Tecnologias Indoplast\" \/><div class=\"omsc-clear\"><\/div><br \/>\nExtrusion. Technologies Monoextrusion,<br \/>\nCoextrusion et Triextrusion.<div class=\"clear\"><\/div><\/div><div class=\"omsc-one-fourth\"><img class=\"lazyload \" data-original=\"https:\/\/indoplast.com\/wp-content\/uploads\/2014\/01\/indoplast-tecnologias-3.jpg\" alt=\"Tecnologias Indoplast\" \/><div class=\"omsc-clear\"><\/div><br \/>\nTechnologie d\u2019incorporation d\u2019aluminium aux profil\u00e9s.<div class=\"clear\"><\/div><\/div><div class=\"omsc-one-fourth\"><img class=\"lazyload \" data-original=\"https:\/\/indoplast.com\/wp-content\/uploads\/2014\/01\/indoplast-tecnologias-2.jpg\" alt=\"Tecnologias Indoplast\" \/><div class=\"omsc-clear\"><\/div><br \/>\nApplication des adh\u00e9sifs thermofusibles, des rubans adh\u00e9sifs, des flock\u00e9s et des fils de diff\u00e9rents mat\u00e9riaux.<div class=\"clear\"><\/div><\/div><div class=\"omsc-one-fourth omsc-last\"><img class=\"lazyload \" data-original=\"https:\/\/indoplast.com\/wp-content\/uploads\/2014\/01\/indoplast-tecnologias-1.jpg\" alt=\"Tecnologias Indoplast\" \/><div class=\"omsc-clear\"><\/div><br \/>\nTechnologie de d\u00e9coupage en continu. Syst\u00e8mes de pliage et finition des profil\u00e9s par technologie d&rsquo;injection.<div class=\"clear\"><\/div><\/div><div class=\"omsc-clear\"><\/div><\/p>\n","protected":false},"excerpt":{"rendered":"<p>Indoplast dispose des technologies suivantes au sein de l&rsquo;entreprise:<\/p>\n","protected":false},"author":1,"featured_media":0,"parent":0,"menu_order":3,"comment_status":"closed","ping_status":"closed","template":"","meta":{"footnotes":""},"class_list":["post-3084","page","type-page","status-publish","hentry"],"aioseo_notices":[],"_links":{"self":[{"href":"https:\/\/indoplast.com\/fr\/wp-json\/wp\/v2\/pages\/3084","targetHints":{"allow":["GET"]}}],"collection":[{"href":"https:\/\/indoplast.com\/fr\/wp-json\/wp\/v2\/pages"}],"about":[{"href":"https:\/\/indoplast.com\/fr\/wp-json\/wp\/v2\/types\/page"}],"author":[{"embeddable":true,"href":"https:\/\/indoplast.com\/fr\/wp-json\/wp\/v2\/users\/1"}],"replies":[{"embeddable":true,"href":"https:\/\/indoplast.com\/fr\/wp-json\/wp\/v2\/comments?post=3084"}],"version-history":[{"count":5,"href":"https:\/\/indoplast.com\/fr\/wp-json\/wp\/v2\/pages\/3084\/revisions"}],"predecessor-version":[{"id":3438,"href":"https:\/\/indoplast.com\/fr\/wp-json\/wp\/v2\/pages\/3084\/revisions\/3438"}],"wp:attachment":[{"href":"https:\/\/indoplast.com\/fr\/wp-json\/wp\/v2\/media?parent=3084"}],"curies":[{"name":"wp","href":"https:\/\/api.w.org\/{rel}","templated":true}]}}