{"id":3090,"date":"2015-01-19T14:38:51","date_gmt":"2015-01-19T12:38:51","guid":{"rendered":"https:\/\/indoplast.com\/politica-de-calidad-2\/"},"modified":"2026-03-02T12:59:17","modified_gmt":"2026-03-02T10:59:17","slug":"politique-de-qualite","status":"publish","type":"page","link":"https:\/\/indoplast.com\/fr\/politique-de-qualite\/","title":{"rendered":"Politique de qualit\u00e9"},"content":{"rendered":"<p>INDOPLAST, d\u00e9di\u00e9e \u00e0 la fabrication de profil\u00e9s plastiques par extrusion, \u00e9tablit cette Politique de Qualit\u00e9 et d&rsquo;Environnement comme cadre pour garantir le respect des exigences de nos clients du secteur automobile, renforcer la fiabilit\u00e9 de nos processus et contribuer \u00e0 un d\u00e9veloppement responsable et durable.<\/p>\n<p><strong>MISSION<\/strong><\/p>\n<p>Cr\u00e9er une valeur durable \u00e0 travers des produits et des processus qui r\u00e9pondent de mani\u00e8re coh\u00e9rente aux exigences des clients et des r\u00e9glementations.<\/p>\n<p><strong>VISION<\/strong><\/p>\n<p>Consolider notre position dans le secteur automobile en Europe et aux \u00c9tats-Unis, en nous distinguant par la qualit\u00e9, le professionnalisme et l&rsquo;am\u00e9lioration continue.<\/p>\n<p><strong>VALEURS<\/strong><\/p>\n<p>Loyaut\u00e9, engagement envers le client, \u00e9thique, s\u00e9curit\u00e9, professionnalisme, pers\u00e9v\u00e9rance, honn\u00eatet\u00e9, responsabilit\u00e9, ordre, travail d&rsquo;\u00e9quipe et responsabilit\u00e9 sociale.<\/p>\n<p>Nous nous engageons \u00e0:<\/p>\n<p>&#8211; Respecter les exigences de nos clients, ainsi que les exigences l\u00e9gales et r\u00e9glementaires applicables.<\/p>\n<p>&#8211; Am\u00e9liorer continuellement l&rsquo;efficacit\u00e9 de nos processus et de notre Syst\u00e8me de Management de la Qualit\u00e9 selon les normes ISO 9001 et IATF 16949.<\/p>\n<p>&#8211; Identifier, \u00e9valuer et g\u00e9rer les risques et les opportunit\u00e9s pouvant affecter la conformit\u00e9 du produit, la continuit\u00e9 de l&rsquo;approvisionnement et la satisfaction du client.<\/p>\n<p>&#8211; Prot\u00e9ger l&rsquo;environnement et pr\u00e9venir les impacts n\u00e9gatifs d\u00e9coulant de nos op\u00e9rations.<\/p>\n<p>&#8211; Assurer la comp\u00e9tence, la sensibilisation et la participation du personnel.<\/p>\n<p>&#8211; Encourager des relations responsables et transparentes avec les clients, les fournisseurs et les autres parties int\u00e9ress\u00e9es.<\/p>\n<p><strong>CHANGEMENT CLIMATIQUE<\/strong><\/p>\n<p>INDOPLAST consid\u00e8re le changement climatique comme un facteur pertinent au sein de la gestion des risques du secteur automobile. \u00c0 ce titre, nous \u00e9valuons comment les effets climatiques peuvent influencer la continuit\u00e9 de l&rsquo;approvisionnement, la disponibilit\u00e9 des mati\u00e8res premi\u00e8res et la stabilit\u00e9 de nos processus d&rsquo;extrusion. Nous nous engageons \u00e0 minimiser notre impact par l&rsquo;efficacit\u00e9 \u00e9nerg\u00e9tique, le contr\u00f4le de la consommation des ressources et la collaboration avec les fournisseurs pour am\u00e9liorer la r\u00e9silience de la cha\u00eene d&rsquo;approvisionnement, tout en r\u00e9pondant aux attentes du secteur..<\/p>\n<p>La Direction r\u00e9vise p\u00e9riodiquement cette politique pour s&rsquo;assurer de son ad\u00e9quation et de son alignement avec la strat\u00e9gie de l&rsquo;organisation.<\/p>\n<p>Xavier Antol\u00edn \/ Toni Pom\u00e9s<\/p>\n<p>Direction g\u00e9n\u00e9rale<\/p>\n<p>16\/01\/2026<\/p>\n","protected":false},"excerpt":{"rendered":"<p>INDOPLAST, d\u00e9di\u00e9e \u00e0 la fabrication de profil\u00e9s plastiques par extrusion, \u00e9tablit cette Politique de Qualit\u00e9 et d&rsquo;Environnement comme cadre pour garantir le respect des exigences&hellip;<\/p>\n<p><a href=\"https:\/\/indoplast.com\/fr\/politique-de-qualite\/\" class=\"more-link post-excerpt-readmore\">Read more<\/a><\/p>\n","protected":false},"author":1,"featured_media":0,"parent":0,"menu_order":4,"comment_status":"closed","ping_status":"closed","template":"","meta":{"footnotes":""},"class_list":["post-3090","page","type-page","status-publish","hentry"],"aioseo_notices":[],"_links":{"self":[{"href":"https:\/\/indoplast.com\/fr\/wp-json\/wp\/v2\/pages\/3090","targetHints":{"allow":["GET"]}}],"collection":[{"href":"https:\/\/indoplast.com\/fr\/wp-json\/wp\/v2\/pages"}],"about":[{"href":"https:\/\/indoplast.com\/fr\/wp-json\/wp\/v2\/types\/page"}],"author":[{"embeddable":true,"href":"https:\/\/indoplast.com\/fr\/wp-json\/wp\/v2\/users\/1"}],"replies":[{"embeddable":true,"href":"https:\/\/indoplast.com\/fr\/wp-json\/wp\/v2\/comments?post=3090"}],"version-history":[{"count":4,"href":"https:\/\/indoplast.com\/fr\/wp-json\/wp\/v2\/pages\/3090\/revisions"}],"predecessor-version":[{"id":3682,"href":"https:\/\/indoplast.com\/fr\/wp-json\/wp\/v2\/pages\/3090\/revisions\/3682"}],"wp:attachment":[{"href":"https:\/\/indoplast.com\/fr\/wp-json\/wp\/v2\/media?parent=3090"}],"curies":[{"name":"wp","href":"https:\/\/api.w.org\/{rel}","templated":true}]}}