{"id":3102,"date":"2015-04-17T11:13:31","date_gmt":"2015-04-17T09:13:31","guid":{"rendered":"https:\/\/indoplast.com\/automocion-2\/"},"modified":"2015-05-29T13:48:48","modified_gmt":"2015-05-29T11:48:48","slug":"automobile","status":"publish","type":"page","link":"https:\/\/indoplast.com\/fr\/automobile\/","title":{"rendered":"Automobile"},"content":{"rendered":"<p>&nbsp;<\/p>\n<p>Indoplast d\u00e9veloppe et fabrique toutes sortes de profil\u00e9s dans le secteur automobile sur la base de mati\u00e8res thermoplastiques PP, TPE, TPV, et PVC. Les profil\u00e9s peuvent \u00eatre con\u00e7us par extrusion, coextrusion ou triextrusion, et ils sont poin\u00e7onn\u00e9s ou avec extra-bending.<\/p>\n<p>Tous les profil\u00e9s Indoplast peuvent \u00eatre finis avec de l\u2019aluminium, des auto-adh\u00e9sifs, des fils de fibre de verre, des appr\u00eats ou non-tiss\u00e9s.<\/p>\n<p>Les profil\u00e9s d\u00e9velopp\u00e9s par Indoplast s\u2019appliquent \u00e0 des tableaux de bord, des vitres, des pi\u00e8ces en plastique, des si\u00e8ges et des portes ou fen\u00eatres.<\/p>\n<p>Actuellement Indoplast est le fournisseur des Tier I du secteur de l&rsquo;automobile, et on est pr\u00e9sent dans le march\u00e9 AGR (profil\u00e9s pour le march\u00e9 des pi\u00e8ces de rechange consacr\u00e9 aux vitrages).<\/p>\n<p>La R +D+ I fait partie de la strat\u00e9gie d\u2019avenir d\u2019Indoplast qui vise \u00e0 fournir un plus grand service aux clients.<\/p>\n<p>&nbsp;<\/p>\n<p><div class=\"omsc-one-third\"><a title=\"Tier I\" href=\"https:\/\/indoplast.com\/fr\/portfolio\/tier-i\/\"><img class=\"lazyload alignnone size-full wp-image-2750\" data-original=\"https:\/\/indoplast.com\/wp-content\/uploads\/2014\/02\/auto1.jpg\" alt=\"auto1\" width=\"262\" height=\"175\" \/><\/a><div class=\"clear\"><\/div><\/div><div class=\"omsc-one-third\"><a title=\"AGR After market windscreens\" href=\"https:\/\/indoplast.com\/fr\/portfolio\/agr-marche-des-pieces-de-rechange\/\"><img class=\"lazyload alignnone size-medium wp-image-2773\" data-original=\"https:\/\/indoplast.com\/wp-content\/uploads\/2015\/03\/agr-after-market-300x197.jpg\" alt=\"agr-after-market\" width=\"300\" height=\"197\" \/><\/a><div class=\"clear\"><\/div><\/div><div class=\"omsc-one-third omsc-last\"><a title=\"Autocares y camiones\" href=\"https:\/\/indoplast.com\/fr\/portfolio\/bus-et-camions\/\"><img class=\"lazyload alignnone size-full wp-image-2743\" data-original=\"https:\/\/indoplast.com\/wp-content\/uploads\/2014\/02\/auto2.jpg\" alt=\"auto2\" width=\"262\" height=\"175\" \/><\/a><div class=\"clear\"><\/div><\/div><div class=\"omsc-clear\"><\/div><\/p>\n","protected":false},"excerpt":{"rendered":"<p>&nbsp; Indoplast d\u00e9veloppe et fabrique toutes sortes de profil\u00e9s dans le secteur automobile sur la base de mati\u00e8res thermoplastiques PP, TPE, TPV, et PVC. Les&hellip;<\/p>\n<p><a href=\"https:\/\/indoplast.com\/fr\/automobile\/\" class=\"more-link post-excerpt-readmore\">Read more<\/a><\/p>\n","protected":false},"author":1,"featured_media":0,"parent":0,"menu_order":6,"comment_status":"closed","ping_status":"closed","template":"","meta":{"footnotes":""},"class_list":["post-3102","page","type-page","status-publish","hentry"],"aioseo_notices":[],"_links":{"self":[{"href":"https:\/\/indoplast.com\/fr\/wp-json\/wp\/v2\/pages\/3102","targetHints":{"allow":["GET"]}}],"collection":[{"href":"https:\/\/indoplast.com\/fr\/wp-json\/wp\/v2\/pages"}],"about":[{"href":"https:\/\/indoplast.com\/fr\/wp-json\/wp\/v2\/types\/page"}],"author":[{"embeddable":true,"href":"https:\/\/indoplast.com\/fr\/wp-json\/wp\/v2\/users\/1"}],"replies":[{"embeddable":true,"href":"https:\/\/indoplast.com\/fr\/wp-json\/wp\/v2\/comments?post=3102"}],"version-history":[{"count":2,"href":"https:\/\/indoplast.com\/fr\/wp-json\/wp\/v2\/pages\/3102\/revisions"}],"predecessor-version":[{"id":3257,"href":"https:\/\/indoplast.com\/fr\/wp-json\/wp\/v2\/pages\/3102\/revisions\/3257"}],"wp:attachment":[{"href":"https:\/\/indoplast.com\/fr\/wp-json\/wp\/v2\/media?parent=3102"}],"curies":[{"name":"wp","href":"https:\/\/api.w.org\/{rel}","templated":true}]}}