{"id":3125,"date":"2015-04-17T12:53:17","date_gmt":"2015-04-17T10:53:17","guid":{"rendered":"https:\/\/indoplast.com\/construccion-2\/"},"modified":"2015-05-29T13:50:09","modified_gmt":"2015-05-29T11:50:09","slug":"construction","status":"publish","type":"page","link":"https:\/\/indoplast.com\/fr\/construction\/","title":{"rendered":"Construction"},"content":{"rendered":"<p>Indoplast d\u00e9veloppe et fabrique des profil\u00e9s thermoplastiques \u00e0 base de PVC, TPE et TPV pour des portes ou fen\u00eatres en bois et en aluminium. Les mat\u00e9riaux utilis\u00e9s sont approuv\u00e9s par le CSTB en France et par le S\u00fcddeutsches Kunststoff-Zentrum en Allemagne. Ces profil\u00e9s peuvent \u00eatre extrud\u00e9s, coextrud\u00e9s ou triextrud\u00e9s, et ils apportent une solution technique \u00e0 chaque besoin du secteur.<\/p>\n<p>Les profil\u00e9s d\u2019Indoplast peuvent \u00eatre faits en tant que joints pare-feu ou acoustiques.<br \/>\nLes profil\u00e9s de coextrusion d\u2019Indoplast ont un certain nombre d&rsquo;avantages tels que le manque d\u2019\u00e9tirement ou de r\u00e9tr\u00e9cissement ou l&rsquo;introduction facile du profil dans le canal du battant, et ils sont id\u00e9als pour \u00eatre automatis\u00e9s pour la machine de pose de profils.<\/p>\n<p><div class=\"omsc-one-third\"><a title=\"Aluminio\" href=\"https:\/\/indoplast.com\/fr\/portfolio\/aluminium\/\"><img class=\"lazyload alignnone size-full wp-image-2749\" data-original=\"https:\/\/indoplast.com\/wp-content\/uploads\/2014\/02\/construccio-altres.jpg\" alt=\"construccio-altres\" width=\"262\" height=\"175\" \/><\/a><div class=\"clear\"><\/div><\/div><div class=\"omsc-one-third\"><a title=\"Madera\" href=\"https:\/\/indoplast.com\/fr\/portfolio\/bois\/\"><img class=\"lazyload alignnone size-full wp-image-2764\" data-original=\"https:\/\/indoplast.com\/wp-content\/uploads\/2014\/02\/madera-construccion-indoplast.jpg\" alt=\"madera-construccion-indoplast\" width=\"262\" height=\"175\" \/><\/a><div class=\"clear\"><\/div><\/div><div class=\"omsc-one-third omsc-last\"><a title=\"Otros Construcci\u00f3n\" href=\"https:\/\/indoplast.com\/fr\/portfolio\/autres-construction\/\"><img class=\"lazyload alignnone size-full wp-image-2763\" data-original=\"https:\/\/indoplast.com\/wp-content\/uploads\/2014\/02\/altres-construccion-indoplast.jpg\" alt=\"altres-construccion-indoplast\" width=\"262\" height=\"175\" \/><\/a><div class=\"clear\"><\/div><\/div><div class=\"omsc-clear\"><\/div><\/p>\n","protected":false},"excerpt":{"rendered":"<p>Indoplast d\u00e9veloppe et fabrique des profil\u00e9s thermoplastiques \u00e0 base de PVC, TPE et TPV pour des portes ou fen\u00eatres en bois et en aluminium. Les&hellip;<\/p>\n<p><a href=\"https:\/\/indoplast.com\/fr\/construction\/\" class=\"more-link post-excerpt-readmore\">Read more<\/a><\/p>\n","protected":false},"author":1,"featured_media":0,"parent":0,"menu_order":7,"comment_status":"closed","ping_status":"open","template":"","meta":{"footnotes":""},"class_list":["post-3125","page","type-page","status-publish","hentry"],"aioseo_notices":[],"_links":{"self":[{"href":"https:\/\/indoplast.com\/fr\/wp-json\/wp\/v2\/pages\/3125","targetHints":{"allow":["GET"]}}],"collection":[{"href":"https:\/\/indoplast.com\/fr\/wp-json\/wp\/v2\/pages"}],"about":[{"href":"https:\/\/indoplast.com\/fr\/wp-json\/wp\/v2\/types\/page"}],"author":[{"embeddable":true,"href":"https:\/\/indoplast.com\/fr\/wp-json\/wp\/v2\/users\/1"}],"replies":[{"embeddable":true,"href":"https:\/\/indoplast.com\/fr\/wp-json\/wp\/v2\/comments?post=3125"}],"version-history":[{"count":3,"href":"https:\/\/indoplast.com\/fr\/wp-json\/wp\/v2\/pages\/3125\/revisions"}],"predecessor-version":[{"id":3259,"href":"https:\/\/indoplast.com\/fr\/wp-json\/wp\/v2\/pages\/3125\/revisions\/3259"}],"wp:attachment":[{"href":"https:\/\/indoplast.com\/fr\/wp-json\/wp\/v2\/media?parent=3125"}],"curies":[{"name":"wp","href":"https:\/\/api.w.org\/{rel}","templated":true}]}}