{"id":3129,"date":"2015-04-17T13:08:25","date_gmt":"2015-04-17T11:08:25","guid":{"rendered":"https:\/\/indoplast.com\/industria-2\/"},"modified":"2015-05-29T13:56:28","modified_gmt":"2015-05-29T11:56:28","slug":"industrie","status":"publish","type":"page","link":"https:\/\/indoplast.com\/fr\/industrie\/","title":{"rendered":"Industrie"},"content":{"rendered":"<p>Dans le secteur industriel, Indoplast d\u00e9veloppe des profils selon les sp\u00e9cifications du client, et on propose de nouveaux produits et des am\u00e9liorations aux profil\u00e9s existants.<br \/>\nDans ce secteur, nos produits sont appliqu\u00e9s aux motos, les camions ou les autobus, et aussi aux produits blancs, le nautisme et les \u00e9nergies renouvelables.<\/p>\n<p><div class=\"omsc-one-third\"><a title=\"Motocicletas\" href=\"https:\/\/indoplast.com\/fr\/portfolio\/motos\/\"><img class=\"lazyload alignnone wp-image-2774\" data-original=\"https:\/\/indoplast.com\/wp-content\/uploads\/2013\/11\/moto-perfil-indoplast-300x218.jpg\" alt=\"moto-perfil-indoplast\" width=\"248\" height=\"180\" \/><\/a><div class=\"clear\"><\/div><\/div><div class=\"omsc-one-third\"><a title=\"N\u00e1utica\" href=\"https:\/\/indoplast.com\/fr\/portfolio\/nautisme\/\"><img class=\"lazyload alignnone size-full wp-image-2766\" data-original=\"https:\/\/indoplast.com\/wp-content\/uploads\/2013\/11\/nautica-indoplast.jpg\" alt=\"nautica-indoplast\" width=\"262\" height=\"175\" \/><\/a><div class=\"clear\"><\/div><\/div><div class=\"omsc-one-third omsc-last\"><a title=\"Otros: energias renovables\u2026\" href=\"https:\/\/indoplast.com\/fr\/portfolio\/autres-energies-renouvelables\/\"><img class=\"lazyload alignnone size-full wp-image-2748\" data-original=\"https:\/\/indoplast.com\/wp-content\/uploads\/2013\/11\/industria1.jpg\" alt=\"industria1\" width=\"262\" height=\"175\" \/><\/a><div class=\"clear\"><\/div><\/div><div class=\"omsc-clear\"><\/div><\/p>\n","protected":false},"excerpt":{"rendered":"<p>Dans le secteur industriel, Indoplast d\u00e9veloppe des profils selon les sp\u00e9cifications du client, et on propose de nouveaux produits et des am\u00e9liorations aux profil\u00e9s existants.&hellip;<\/p>\n<p><a href=\"https:\/\/indoplast.com\/fr\/industrie\/\" class=\"more-link post-excerpt-readmore\">Read more<\/a><\/p>\n","protected":false},"author":1,"featured_media":0,"parent":0,"menu_order":7,"comment_status":"closed","ping_status":"closed","template":"","meta":{"footnotes":""},"class_list":["post-3129","page","type-page","status-publish","hentry"],"aioseo_notices":[],"_links":{"self":[{"href":"https:\/\/indoplast.com\/fr\/wp-json\/wp\/v2\/pages\/3129","targetHints":{"allow":["GET"]}}],"collection":[{"href":"https:\/\/indoplast.com\/fr\/wp-json\/wp\/v2\/pages"}],"about":[{"href":"https:\/\/indoplast.com\/fr\/wp-json\/wp\/v2\/types\/page"}],"author":[{"embeddable":true,"href":"https:\/\/indoplast.com\/fr\/wp-json\/wp\/v2\/users\/1"}],"replies":[{"embeddable":true,"href":"https:\/\/indoplast.com\/fr\/wp-json\/wp\/v2\/comments?post=3129"}],"version-history":[{"count":2,"href":"https:\/\/indoplast.com\/fr\/wp-json\/wp\/v2\/pages\/3129\/revisions"}],"predecessor-version":[{"id":3263,"href":"https:\/\/indoplast.com\/fr\/wp-json\/wp\/v2\/pages\/3129\/revisions\/3263"}],"wp:attachment":[{"href":"https:\/\/indoplast.com\/fr\/wp-json\/wp\/v2\/media?parent=3129"}],"curies":[{"name":"wp","href":"https:\/\/api.w.org\/{rel}","templated":true}]}}