{"id":3630,"date":"2021-11-27T04:42:56","date_gmt":"2021-11-27T02:42:56","guid":{"rendered":"https:\/\/indoplast.com\/?page_id=3630"},"modified":"2021-11-27T04:42:56","modified_gmt":"2021-11-27T02:42:56","slug":"politique-de-cookies","status":"publish","type":"page","link":"https:\/\/indoplast.com\/fr\/politique-de-cookies\/","title":{"rendered":"Politique de cookies"},"content":{"rendered":"<h2 class=\"elementor-heading-title elementor-size-default\">Politique de cookies<\/h2>\n<p>Sur le site https:\/\/indoplast.com\/ (ci-apr\u00e8s, le site Web), nous utilisons des cookies pour faciliter la relation des visiteurs avec notre contenu et pour nous permettre de compiler des statistiques sur les visiteurs que nous recevons.<\/p>\n<p>Nous vous informons que nous pouvons utiliser des cookies afin de faciliter votre navigation sur le site Web, de vous distinguer des autres utilisateurs, de vous offrir une meilleure exp\u00e9rience d\u2019utilisation et d\u2019identifier les probl\u00e8mes pour am\u00e9liorer notre site Web. De plus, si vous donnez votre consentement, nous utiliserons des cookies qui nous permettront d\u2019obtenir plus d\u2019informations sur vos pr\u00e9f\u00e9rences et de personnaliser notre site Web en fonction de vos int\u00e9r\u00eats individuels.<\/p>\n<p><strong>Que sont les cookies?<\/strong><\/p>\n<p>Les cookies sont de petits fichiers qui sont enregistr\u00e9s dans le navigateur utilis\u00e9 par chaque visiteur de notre site Web afin que le serveur puisse se souvenir de la visite de cet utilisateur plus tard lorsqu\u2019il acc\u00e9dera \u00e0 nouveau \u00e0 notre contenu. Ces informations ne r\u00e9v\u00e8lent pas votre identit\u00e9, ni aucune donn\u00e9e personnelle, ni n\u2019acc\u00e8dent au contenu stock\u00e9 sur votre ordinateur, mais elles permettent \u00e0 notre syst\u00e8me de vous identifier en tant qu\u2019utilisateur sp\u00e9cifique qui a d\u00e9j\u00e0 visit\u00e9 le Web, consult\u00e9 certaines pages, etc. et il vous permet \u00e9galement d\u2019enregistrer vos pr\u00e9f\u00e9rences personnelles et des informations techniques telles que les visites effectu\u00e9es ou des pages sp\u00e9cifiques que vous visitez.<\/p>\n<p>Conform\u00e9ment \u00e0 la directive 2009\/136 \/ CE, d\u00e9velopp\u00e9e dans notre ordonnance par le deuxi\u00e8me paragraphe de l\u2019article 22 de la loi sur les services de la soci\u00e9t\u00e9 de l\u2019information, en suivant les directives de l\u2019Agence espagnole de protection des donn\u00e9es, nous proc\u00e9dons \u00e0 vous informer en d\u00e9tail de l\u2019utilisation que est r\u00e9alis\u00e9 sur notre site Web.<\/p>\n<p>Le but de cette politique de cookies est de vous informer clairement et pr\u00e9cis\u00e9ment sur les cookies utilis\u00e9s sur notre site Web (la \u00abpolitique de cookies\u00bb). En ce qui concerne les cookies tiers, c\u2019est-\u00e0-dire ceux qui ne sont pas li\u00e9s \u00e0 notre site Web, nous ne pouvons \u00eatre tenus responsables du contenu et de la v\u00e9racit\u00e9 des politiques de confidentialit\u00e9 qu\u2019ils incluent, de sorte que les informations que nous vous proposons sont toujours en r\u00e9f\u00e9rence \u00e0 la source.<\/p>\n<p>Les cookies sont ensuite class\u00e9s selon une s\u00e9rie de cat\u00e9gories. Cependant, il est n\u00e9cessaire de garder \u00e0 l\u2019esprit que le m\u00eame cookie peut \u00eatre inclus dans plus d\u2019une cat\u00e9gorie.<\/p>\n<p><strong>Types de cookies selon l\u2019entit\u00e9 qui les g\u00e8re<\/strong><\/p>\n<ul>\n<li><strong>Cookies propres:<\/strong>\u00a0ce sont ceux qui sont envoy\u00e9s \u00e0 l\u2019\u00e9quipement terminal de l\u2019utilisateur \u00e0 partir d\u2019un ordinateur ou d\u2019un domaine g\u00e9r\u00e9 par l\u2019\u00e9diteur lui-m\u00eame et \u00e0 partir duquel le service demand\u00e9 par l\u2019utilisateur est fourni.<\/li>\n<li><strong>Les cookies tiers:<\/strong>\u00a0ce sont ceux qui sont envoy\u00e9s \u00e0 l\u2019\u00e9quipement terminal de l\u2019utilisateur \u00e0 partir d\u2019un ordinateur ou d\u2019un domaine non g\u00e9r\u00e9 par l\u2019\u00e9diteur, mais par une autre entit\u00e9 traitant les donn\u00e9es.<\/li>\n<\/ul>\n<p><strong>Types de cookies en fonction de la dur\u00e9e pendant laquelle ils restent actifs<\/strong><\/p>\n<ul>\n<li><strong>Cookies de session:<\/strong>\u00a0il s\u2019agit d\u2019un type de cookies con\u00e7us pour collecter et stocker des donn\u00e9es pendant que l\u2019utilisateur acc\u00e8de \u00e0 une page Web.<\/li>\n<li><strong>Cookies persistants:<\/strong>\u00a0Il s\u2019agit d\u2019un type de cookies dans lequel les donn\u00e9es sont toujours stock\u00e9es dans le terminal et peuvent \u00eatre consult\u00e9es et trait\u00e9es pendant une p\u00e9riode d\u00e9finie par le responsable du cookie, qui peut aller de quelques minutes \u00e0 plusieurs ann\u00e9es.<\/li>\n<\/ul>\n<p><strong>Types de cookies selon leur finalit\u00e9<\/strong><\/p>\n<ul>\n<li><strong>Cookies techniques:<\/strong>\u00a0ceux qui permettent \u00e0 l\u2019utilisateur de naviguer \u00e0 travers une page Web, une plateforme ou une application et l\u2019utilisation des diff\u00e9rentes options ou services qui y existent, tels que, par exemple, contr\u00f4ler le trafic et la communication de donn\u00e9es, identifier la session, acc\u00e9der parties d\u2019acc\u00e8s restreint, m\u00e9moriser les \u00e9l\u00e9ments qui composent une commande, effectuer le processus d\u2019achat d\u2019une commande, faire la demande d\u2019inscription ou de participation \u00e0 un \u00e9v\u00e9nement, utiliser des \u00e9l\u00e9ments de s\u00e9curit\u00e9 lors de la navigation, stocker du contenu pour la diffusion de vid\u00e9os ou de son ou partager contenu via les r\u00e9seaux sociaux.<\/li>\n<li><strong>Cookies de personnalisation:<\/strong>\u00a0ce sont ceux qui permettent \u00e0 l\u2019utilisateur d\u2019acc\u00e9der au service avec certaines caract\u00e9ristiques g\u00e9n\u00e9rales pr\u00e9d\u00e9finies en fonction d\u2019une s\u00e9rie de crit\u00e8res dans le terminal de l\u2019utilisateur, tels que la langue, le type de navigateur par lequel l\u2019utilisateur acc\u00e8de au service, les param\u00e8tres r\u00e9gionaux d\u2019o\u00f9 vous acc\u00e9dez au service, etc.<\/li>\n<li><strong>Cookies publicitaires:<\/strong>\u00a0ce sont ceux qui permettent la gestion, de la mani\u00e8re la plus efficace possible, des espaces publicitaires que, le cas \u00e9ch\u00e9ant, l\u2019\u00e9diteur a inclus dans une page Web, une application ou une plateforme \u00e0 partir de laquelle le service demand\u00e9 est fourni en fonction de crit\u00e8res comme le contenu modifi\u00e9 ou la fr\u00e9quence \u00e0 laquelle les annonces sont diffus\u00e9es.<\/li>\n<li><strong>Cookies de publicit\u00e9 comportementale:<\/strong>\u00a0ce sont ceux qui permettent la gestion, de la mani\u00e8re la plus efficace possible, des espaces publicitaires que, le cas \u00e9ch\u00e9ant, l\u2019\u00e9diteur a inclus dans une page Web, une application ou une plate-forme \u00e0 partir de laquelle le service demand\u00e9 est fourni. Ces cookies stockent des informations sur le comportement des utilisateurs obtenues gr\u00e2ce \u00e0 l\u2019observation continue de leurs habitudes de navigation, ce qui permet le d\u00e9veloppement d\u2019un profil sp\u00e9cifique pour afficher des publicit\u00e9s bas\u00e9es sur celui-ci.<\/li>\n<li><strong>Cookies d\u2019analyse:<\/strong>\u00a0ce sont ceux qui permettent \u00e0 la personne qui en est responsable de surveiller et d\u2019analyser le comportement des utilisateurs des sites Web auxquels ils sont li\u00e9s. Les informations collect\u00e9es via ce type de cookies sont utilis\u00e9es pour mesurer l\u2019activit\u00e9 des sites Web, de l\u2019application ou de la plate-forme et pour l\u2019\u00e9laboration de profils de navigation des utilisateurs desdits sites, applications et plates-formes, afin d\u2019introduire des am\u00e9liorations en fonction de l\u2019analyse de les donn\u00e9es d\u2019utilisation effectu\u00e9es par les utilisateurs du service.<\/li>\n<\/ul>\n<p>En ce qui concerne le traitement des donn\u00e9es collect\u00e9es via les cookies d\u2019analyse, bien qu\u2019ils ne soient pas exon\u00e9r\u00e9s de l\u2019obligation d\u2019obtenir un consentement \u00e9clair\u00e9 pour leur utilisation, il est peu probable qu\u2019ils repr\u00e9sentent un risque pour la vie priv\u00e9e des utilisateurs tant qu\u2019il s\u2019agit de cookies de premi\u00e8re partie, qui traiter les donn\u00e9es agr\u00e9g\u00e9es \u00e0 des fins strictement statistiques, qui fournissent des informations sur leur utilisation et incluent la possibilit\u00e9 pour les utilisateurs d\u2019exprimer leur refus quant \u00e0 leur utilisation.<\/p>\n<p>Actuellement, la plupart des navigateurs sont configur\u00e9s par d\u00e9faut pour bloquer l\u2019installation de cookies publicitaires ou tiers sur votre ordinateur. L\u2019utilisateur peut \u00e9tendre les restrictions d\u2019origine, emp\u00eachant l\u2019entr\u00e9e de tout type de cookie, ou \u00e9liminer lesdites restrictions, en acceptant l\u2019entr\u00e9e de tout type de cookies. Si vous souhaitez admettre des publicit\u00e9s ou des cookies tiers, vous pouvez configurer votre navigateur \u00e0 cet effet.<\/p>\n<p>L\u2019acceptation faite par l\u2019utilisateur, en cliquant sur le bouton ACCEPTER figurant dans les informations initiales sur les cookies, implique qu\u2019il consent express\u00e9ment \u00e0 ce que la personne responsable de leur utilisation puisse exercer ses droits et r\u00e9voquer son consentement \u00e0 tout moment, via une demande \u00e0 http:\/\/www.moblesroses.com\/.<\/p>\n<p>Ci-dessous, nous vous informons en d\u00e9tail de tous les cookies qui pourraient \u00eatre install\u00e9s depuis notre site Internet. En fonction de votre navigation, de la configuration de votre navigateur et de l\u2019acceptation ou du rejet de ceux-ci, tous ou seulement certains d\u2019entre eux peuvent \u00eatre install\u00e9s.<\/p>\n<p>&nbsp;<\/p>\n\n<table id=\"tablepress-4\" class=\"tablepress tablepress-id-4\">\n<thead>\n<tr class=\"row-1\">\n\t<th class=\"column-1\">Cookie<\/th><th class=\"column-2\">Origen<\/th><th class=\"column-3\">Objectif et plus d'informations<br \/>\n<\/th>\n<\/tr>\n<\/thead>\n<tbody class=\"row-striping row-hover\">\n<tr class=\"row-2\">\n\t<td class=\"column-1\">Borlabs Cookie<br \/>\n<\/td><td class=\"column-2\">Propri\u00e9taire de ce site<br \/>\n<\/td><td class=\"column-3\">Enregistrez les pr\u00e9f\u00e9rences des visiteurs s\u00e9lectionn\u00e9s dans la bo\u00eete \u00e0 cookies de Borlabs Cookie.Duraci\u00f3n: Session<br \/>\n<\/td>\n<\/tr>\n<tr class=\"row-3\">\n\t<td class=\"column-1\">wp-wpml_current_language<\/td><td class=\"column-2\">Cookies propres<\/td><td class=\"column-3\">Enregistre la langue actuelle. Par d\u00e9faut, ce cookie est d\u00e9fini uniquement pour les utilisateurs connect\u00e9s. Si vous activez le cookie de langue pour prendre en charge le filtrage AJAX, ce cookie sera \u00e9galement d\u00e9fini pour les utilisateurs qui ne sont pas connect\u00e9s.<\/td>\n<\/tr>\n<tr class=\"row-4\">\n\t<td class=\"column-1\">_ga, _gat, _gid, _gat<\/td><td class=\"column-2\">Google<\/td><td class=\"column-3\">Cookie Google utilis\u00e9 pour l'analyse du site Web. G\u00e9n\u00e8re des donn\u00e9es statistiques sur la fa\u00e7on dont le visiteur utilise le site Web.<\/td>\n<\/tr>\n<tr class=\"row-5\">\n\t<td class=\"column-1\"><\/td><td class=\"column-2\"><\/td><td class=\"column-3\"><\/td>\n<\/tr>\n<\/tbody>\n<\/table>\n<!-- #tablepress-4 from cache -->\n<p>&nbsp;<\/p>\n<p>Nous pouvons mettre \u00e0 jour la politique de cookies de notre site Web, par cons\u00e9quent, nous vous recommandons de revoir cette politique chaque fois que vous acc\u00e9dez \u00e0 notre site Web afin d\u2019\u00eatre correctement inform\u00e9 sur comment et pourquoi nous utilisons les cookies.<\/p>\n<p>Le but des cookies est de fournir \u00e0 l\u2019Utilisateur un acc\u00e8s plus rapide aux Services s\u00e9lectionn\u00e9s.<\/p>\n<p>Si vous ne souhaitez pas que les cookies soient enregistr\u00e9s dans votre navigateur ou que vous pr\u00e9f\u00e9rez recevoir des informations \u00e0 chaque fois qu\u2019un cookie demande \u00e0 \u00eatre install\u00e9, vous pouvez configurer vos options de navigation pour ce faire. La plupart des navigateurs permettent la gestion des cookies de 3 mani\u00e8res diff\u00e9rentes:<\/p>\n<ul>\n<li>Les cookies sont toujours rejet\u00e9s;<\/li>\n<li>Le navigateur demande si l\u2019utilisateur souhaite installer chaque cookie;<\/li>\n<li>Les cookies sont toujours accept\u00e9s;<\/li>\n<\/ul>\n<p>Votre navigateur peut \u00e9galement inclure la possibilit\u00e9 de s\u00e9lectionner en d\u00e9tail les cookies que vous souhaitez installer sur votre ordinateur. Plus pr\u00e9cis\u00e9ment, l\u2019utilisateur peut normalement accepter l\u2019une des options suivantes:<\/p>\n<ul>\n<li>Rejeter les cookies de certains domaines;<\/li>\n<li>Rejeter les cookies tiers;<\/li>\n<li>Acceptez les cookies comme non persistants (ils sont supprim\u00e9s lorsque le navigateur est ferm\u00e9);<\/li>\n<li>Autorisez le serveur \u00e0 cr\u00e9er des cookies pour un domaine diff\u00e9rent.<\/li>\n<\/ul>\n<p>Pour autoriser, conna\u00eetre, bloquer ou \u00e9liminer les cookies install\u00e9s sur votre ordinateur, vous pouvez le faire en configurant les options du navigateur install\u00e9es sur votre ordinateur.<\/p>\n<p>Vous pouvez trouver des informations sur la configuration des navigateurs les plus utilis\u00e9s aux emplacements suivants:<\/p>\n<ul>\n<li><strong>Internet Explorer:<\/strong>\u00a0Outils -&gt; Options Internet -&gt; Confidentialit\u00e9 -&gt; Param\u00e8tres. Pour plus d\u2019informations, vous pouvez consulter le support Microsoft ou l\u2019aide du navigateur.<\/li>\n<li><strong>Firefox:<\/strong>\u00a0Outils -&gt; Options -&gt; Confidentialit\u00e9 -&gt; Historique -&gt; Param\u00e8tres personnalis\u00e9s. Pour plus d\u2019informations, vous pouvez consulter l\u2019assistance de Mozilla ou l\u2019aide du navigateur.<\/li>\n<li><strong>Chrome:<\/strong>\u00a0Param\u00e8tres -&gt; Afficher les options avanc\u00e9es -&gt; Confidentialit\u00e9 -&gt; Param\u00e8tres de contenu. Pour plus d\u2019informations, vous pouvez consulter l\u2019assistance Google ou l\u2019aide du navigateur.<\/li>\n<li><strong>Safari:<\/strong>\u00a0Pr\u00e9f\u00e9rences -&gt; S\u00e9curit\u00e9. Pour plus d\u2019informations, vous pouvez consulter l\u2019assistance Apple ou l\u2019aide du navigateur.<\/li>\n<\/ul>\n<p>Si vous avez accept\u00e9 de charger les cookies de Google Analytics, vous pouvez \u00e9galement r\u00e9voquer cette acceptation \u00e0 tout moment en utilisant le \u00abmodule compl\u00e9mentaire de d\u00e9sactivation de Google Analytics pour les navigateurs\u00bb, en acc\u00e9dant \u00e0 la page Web suivante et en suivant les instructions qui y sont d\u00e9taill\u00e9es:\u00a0<a href=\"https:\/\/tools.google.com\/dlpage\/gaoptout?hl=es\" target=\"_blank\" rel=\"noopener\">https:\/\/tools.google.com\/dlpage\/gaoptout?hl=es<\/a><\/p>\n","protected":false},"excerpt":{"rendered":"<p>Politique de cookies Sur le site https:\/\/indoplast.com\/ (ci-apr\u00e8s, le site Web), nous utilisons des cookies pour faciliter la relation des visiteurs avec notre contenu et&hellip;<\/p>\n<p><a href=\"https:\/\/indoplast.com\/fr\/politique-de-cookies\/\" class=\"more-link post-excerpt-readmore\">Read more<\/a><\/p>\n","protected":false},"author":1,"featured_media":0,"parent":0,"menu_order":0,"comment_status":"closed","ping_status":"closed","template":"","meta":{"footnotes":""},"class_list":["post-3630","page","type-page","status-publish","hentry"],"aioseo_notices":[],"_links":{"self":[{"href":"https:\/\/indoplast.com\/fr\/wp-json\/wp\/v2\/pages\/3630","targetHints":{"allow":["GET"]}}],"collection":[{"href":"https:\/\/indoplast.com\/fr\/wp-json\/wp\/v2\/pages"}],"about":[{"href":"https:\/\/indoplast.com\/fr\/wp-json\/wp\/v2\/types\/page"}],"author":[{"embeddable":true,"href":"https:\/\/indoplast.com\/fr\/wp-json\/wp\/v2\/users\/1"}],"replies":[{"embeddable":true,"href":"https:\/\/indoplast.com\/fr\/wp-json\/wp\/v2\/comments?post=3630"}],"version-history":[{"count":1,"href":"https:\/\/indoplast.com\/fr\/wp-json\/wp\/v2\/pages\/3630\/revisions"}],"predecessor-version":[{"id":3631,"href":"https:\/\/indoplast.com\/fr\/wp-json\/wp\/v2\/pages\/3630\/revisions\/3631"}],"wp:attachment":[{"href":"https:\/\/indoplast.com\/fr\/wp-json\/wp\/v2\/media?parent=3630"}],"curies":[{"name":"wp","href":"https:\/\/api.w.org\/{rel}","templated":true}]}}