{"id":3634,"date":"2021-11-27T05:16:01","date_gmt":"2021-11-27T03:16:01","guid":{"rendered":"https:\/\/indoplast.com\/?page_id=3634"},"modified":"2021-11-27T05:16:01","modified_gmt":"2021-11-27T03:16:01","slug":"politique-de-confidentialite","status":"publish","type":"page","link":"https:\/\/indoplast.com\/fr\/politique-de-confidentialite\/","title":{"rendered":"Politique de confidentialit\u00e9"},"content":{"rendered":"<h2>Politique de confidentialit\u00e9<\/h2>\n<p>INDUSTRIELLE OLLE TORNER, S.L. est particuli\u00e8rement sensible \u00e0 la protection des donn\u00e9es personnelles des Utilisateurs des services du site. Gr\u00e2ce \u00e0 cette politique de confidentialit\u00e9 (ci-apr\u00e8s, la politique) INDUSTRIAL OLLE TORNER, SL, informe les UTILISATEURS de ce site Web, des utilisations auxquelles les donn\u00e9es personnelles collect\u00e9es sur le site Web sont soumises, avec le Afin qu&rsquo;ils d\u00e9cident, librement et volontairement, si ils souhaitent fournir les informations demand\u00e9es.<\/p>\n<p>INDUSTRIELLE OLLE TORNER, S.L. se r\u00e9serve le droit de modifier la pr\u00e9sente Politique afin de l&rsquo;adapter aux nouvelles l\u00e9gislations, crit\u00e8res jurisprudentiels, pratiques sectorielles ou int\u00e9r\u00eats de l&rsquo;entit\u00e9. Toute modification de celui-ci sera signal\u00e9e \u00e0 l&rsquo;avance, afin que vous ayez une parfaite connaissance de son contenu.<\/p>\n<p>RESPONSABLE<\/p>\n<p>Le Responsable du Traitement des donn\u00e9es personnelles est :<br \/>\nIdentit\u00e9\u00a0: INDUSTRIAL OLLE TORNER, S.L. avec NIF : B60644887, ci-apr\u00e8s ENTIT\u00c9<br \/>\nAdresse : C\/GAUDI S\/N &#8211; NAVE 8 &#8211; P.I. RUBI SUR, 08191 &#8211; RUBI<br \/>\nCourriel : accountant@indoplast.com<\/p>\n<p>D\u00c9L\u00c9GU\u00c9 \u00c0 LA PROTECTION DES DONN\u00c9ES<\/p>\n<p>Contact par email : info@aemol.com<\/p>\n<p>BUT DU TRAITEMENT<\/p>\n<p>Le but de la collecte et du traitement des donn\u00e9es personnelles collect\u00e9es via le formulaire de contact est la gestion, l&rsquo;administration, la fourniture, l&rsquo;extension et l&rsquo;am\u00e9lioration des services fournis par INDUSTRIAL OLLE TORNER, SL, r\u00e9pondant aux demandes d&rsquo;informations et \/ ou aux demandes de renseignements.<\/p>\n<p>P\u00c9RIODE DE CONSERVATION<\/p>\n<p>Les donn\u00e9es personnelles fournies seront conserv\u00e9es pendant la p\u00e9riode correspondante pour se conformer aux obligations l\u00e9gales, ou jusqu&rsquo;\u00e0 ce que leur suppression soit demand\u00e9e par l&rsquo;int\u00e9ress\u00e9 et qu&rsquo;il en ait le droit.<\/p>\n<p>L\u00c9GITIMATION<\/p>\n<p>INDUSTRIELLE OLLE TORNER, S.L. est l\u00e9gitim\u00e9 au traitement des donn\u00e9es personnelles, sur la base du consentement accord\u00e9 par l&rsquo;int\u00e9ress\u00e9 pour une ou plusieurs finalit\u00e9s sp\u00e9cifiques, comme indiqu\u00e9 \u00e0 l&rsquo;article 6.1.a) et 6.1.b) du R\u00e8glement g\u00e9n\u00e9ral de protection des donn\u00e9es personnelles.<\/p>\n<p>DESTINATAIRES<\/p>\n<p>Les donn\u00e9es personnelles collect\u00e9es ne seront pas transf\u00e9r\u00e9es ou communiqu\u00e9es \u00e0 des tiers, sauf dans les cas n\u00e9cessaires au d\u00e9veloppement, au contr\u00f4le et \u00e0 la r\u00e9alisation de la \/ des finalit\u00e9s exprim\u00e9es, dans les cas pr\u00e9vus par la loi, ainsi que dans des cas sp\u00e9cifiques, de ceux qui sont express\u00e9ment inform\u00e9s \u00e0 l&rsquo;Utilisateur.<\/p>\n<p>DROITS DE L&rsquo;UTILISATEUR : Quels sont vos droits lorsque vous nous fournissez vos donn\u00e9es ?<\/p>\n<p>Acc\u00e8s : L&rsquo;int\u00e9ress\u00e9 a le droit de savoir quelles donn\u00e9es l&rsquo;ENTIT\u00c9 traite le concernant.<br \/>\nRectification : L&rsquo;int\u00e9ress\u00e9 a le droit de demander la rectification des donn\u00e9es inexactes.<br \/>\nSuppression : L&rsquo;int\u00e9ress\u00e9 a le droit de demander la suppression de ses donn\u00e9es lorsque, entre autres raisons, les donn\u00e9es ne sont pas n\u00e9cessaires aux fins pour lesquelles elles ont \u00e9t\u00e9 collect\u00e9es.<br \/>\nLimitation du traitement : Dans certaines circonstances, l&rsquo;int\u00e9ress\u00e9 peut demander la limitation du traitement de ses donn\u00e9es, auquel cas nous ne les conserverons que pour l&rsquo;exercice ou la d\u00e9fense de r\u00e9clamations.<br \/>\nOpposition : Dans certaines circonstances, l&rsquo;int\u00e9ress\u00e9 peut s&rsquo;opposer au traitement de ses donn\u00e9es. Dans ce cas, l&rsquo;ENTIT\u00c9 cessera de traiter vos donn\u00e9es, sauf pour des motifs l\u00e9gitimes imp\u00e9rieux ou pour l&rsquo;exercice ou la d\u00e9fense d&rsquo;\u00e9ventuelles r\u00e9clamations.<br \/>\nPortabilit\u00e9 des donn\u00e9es\u00a0: applicable uniquement aux donn\u00e9es automatis\u00e9es et consiste \u00e0 transmettre les donn\u00e9es de l&rsquo;ENTIT\u00c9 \u00e0 un autre nouveau RESPONSABLE (pas \u00e0 l&rsquo;int\u00e9ress\u00e9 et \u00e0 la demande de celui-ci).<\/p>\n<p>Vous pouvez exercer vos droits, y compris le droit de retirer votre consentement (s&rsquo;il a \u00e9t\u00e9 accord\u00e9) en envoyant une lettre accompagn\u00e9e de votre pi\u00e8ce d&rsquo;identit\u00e9 \u00e0 INDUSTRIAL OLLE TORNER, S.L. au C\/GAUDI S\/N &#8211; NAVE 8 &#8211; P.I. RUBI SUR, 08191 &#8211; RUBI ou en envoyant un e-mail \u00e0 accountant@indoplast.com<\/p>\n<p>Vous avez \u00e9galement le droit de d\u00e9poser une r\u00e9clamation aupr\u00e8s de l&rsquo;Autorit\u00e9 de contr\u00f4le de la protection des donn\u00e9es, actuellement l&rsquo;Agence espagnole de protection des donn\u00e9es.<\/p>\n<p>MESURE DE S\u00c9CURIT\u00c9<\/p>\n<p>Le responsable du traitement INDUSTRIAL OLLE TORNER, S.L. appliquera les mesures techniques et organisationnelles appropri\u00e9es pour garantir un niveau de s\u00e9curit\u00e9 appropri\u00e9 au risque de celui-ci.<\/p>\n<p>TRANSFERTS INTERNATIONAUX<\/p>\n<p>Les transferts internationaux ne sont pas effectu\u00e9s.<\/p>\n<p>PROFILS ET PRISE DE DECISION AUTOMATISEE<\/p>\n<p>Aucun profil n&rsquo;est cr\u00e9\u00e9 ou des d\u00e9cisions automatis\u00e9es ne sont prises avec les donn\u00e9es fournies par l&rsquo;utilisateur.<\/p>\n<div id=\"gtx-trans\" style=\"position: absolute; left: -72px; top: 0px;\">\n<div class=\"gtx-trans-icon\"><\/div>\n<\/div>\n","protected":false},"excerpt":{"rendered":"<p>Politique de confidentialit\u00e9 INDUSTRIELLE OLLE TORNER, S.L. est particuli\u00e8rement sensible \u00e0 la protection des donn\u00e9es personnelles des Utilisateurs des services du site. Gr\u00e2ce \u00e0 cette&hellip;<\/p>\n<p><a href=\"https:\/\/indoplast.com\/fr\/politique-de-confidentialite\/\" class=\"more-link post-excerpt-readmore\">Read more<\/a><\/p>\n","protected":false},"author":1,"featured_media":0,"parent":0,"menu_order":0,"comment_status":"closed","ping_status":"closed","template":"","meta":{"footnotes":""},"class_list":["post-3634","page","type-page","status-publish","hentry"],"aioseo_notices":[],"_links":{"self":[{"href":"https:\/\/indoplast.com\/fr\/wp-json\/wp\/v2\/pages\/3634","targetHints":{"allow":["GET"]}}],"collection":[{"href":"https:\/\/indoplast.com\/fr\/wp-json\/wp\/v2\/pages"}],"about":[{"href":"https:\/\/indoplast.com\/fr\/wp-json\/wp\/v2\/types\/page"}],"author":[{"embeddable":true,"href":"https:\/\/indoplast.com\/fr\/wp-json\/wp\/v2\/users\/1"}],"replies":[{"embeddable":true,"href":"https:\/\/indoplast.com\/fr\/wp-json\/wp\/v2\/comments?post=3634"}],"version-history":[{"count":1,"href":"https:\/\/indoplast.com\/fr\/wp-json\/wp\/v2\/pages\/3634\/revisions"}],"predecessor-version":[{"id":3635,"href":"https:\/\/indoplast.com\/fr\/wp-json\/wp\/v2\/pages\/3634\/revisions\/3635"}],"wp:attachment":[{"href":"https:\/\/indoplast.com\/fr\/wp-json\/wp\/v2\/media?parent=3634"}],"curies":[{"name":"wp","href":"https:\/\/api.w.org\/{rel}","templated":true}]}}